{"id":8138,"date":"2026-04-12T16:32:47","date_gmt":"2026-04-12T16:32:47","guid":{"rendered":"https:\/\/lovewithbuse.com\/?page_id=8138"},"modified":"2026-04-13T18:30:11","modified_gmt":"2026-04-13T18:30:11","slug":"hakkimda","status":"publish","type":"page","link":"https:\/\/lovewithbuse.com\/?page_id=8138","title":{"rendered":"Hakk\u0131mda"},"content":{"rendered":"\t\t<div data-elementor-type=\"wp-page\" data-elementor-id=\"8138\" class=\"elementor elementor-8138\">\n\t\t\t\t<div class=\"elementor-element elementor-element-9e67f0f e-flex e-con-boxed e-con e-parent\" data-id=\"9e67f0f\" data-element_type=\"container\" data-e-type=\"container\">\n\t\t\t\t\t<div class=\"e-con-inner\">\n\t\t\t\t<div class=\"elementor-element elementor-element-06441ff elementor-widget elementor-widget-spacer\" data-id=\"06441ff\" data-element_type=\"widget\" data-e-type=\"widget\" data-widget_type=\"spacer.default\">\n\t\t\t\t<div class=\"elementor-widget-container\">\n\t\t\t\t\t\t\t<div class=\"elementor-spacer\">\n\t\t\t<div class=\"elementor-spacer-inner\"><\/div>\n\t\t<\/div>\n\t\t\t\t\t\t<\/div>\n\t\t\t\t<\/div>\n\t\t\t\t\t<\/div>\n\t\t\t\t<\/div>\n\t\t<div class=\"elementor-element elementor-element-70cbc48 e-flex e-con-boxed e-con e-parent\" data-id=\"70cbc48\" data-element_type=\"container\" data-e-type=\"container\">\n\t\t\t\t\t<div class=\"e-con-inner\">\n\t\t\t\t<div class=\"elementor-element elementor-element-c674642 elementor-widget elementor-widget-text-editor\" data-id=\"c674642\" data-element_type=\"widget\" data-e-type=\"widget\" data-widget_type=\"text-editor.default\">\n\t\t\t\t<div class=\"elementor-widget-container\">\n\t\t\t\t\t\t\t\t\t<p><span style=\"font-weight: 400;\">Merhaba,<\/span><\/p><p><span style=\"font-weight: 400;\">Ho\u015fgeldin! \u0130nsan insana bir tan\u0131\u015fma olsun istedi\u011fim i\u00e7in yaz\u0131l\u0131 bir metin yerine seni bir video ile kar\u015f\u0131lamak istedim. Kim oldu\u011fumu daha kolay g\u00f6rebilesin diye\u2026 \u00c7\u00fcnk\u00fc insan\u0131n i\u00e7i, Ruh\u2019u, \u00d6z\u2019\u00fc muhakkak d\u0131\u015f\u0131na yans\u0131r\u2026 bedenine, y\u00fcz\u00fcne, g\u00f6zlerinin \u0131\u015f\u0131\u011f\u0131na, g\u00fcl\u00fc\u015f\u00fcne, sesine ve se\u00e7ti\u011fi kelimelere yans\u0131r\u2026\u00a0<\/span><\/p><p><span style=\"font-weight: 400;\">Ben A\u015fk olma yolunda, senin niyetine hizmet etmeye niyet etmi\u015f bir rehber, bir kolayla\u015ft\u0131r\u0131c\u0131y\u0131m. Akademik bilgileri farkl\u0131 b\u00fct\u00fcnc\u00fcl disiplinlerle prati\u011fe ge\u00e7iren kendi geli\u015ftirdi\u011fim A\u015fk\u2019\u0131n Sorgulama Sanat\u0131 ile hayat\u0131nda zorland\u0131\u011f\u0131n, tak\u0131ld\u0131\u011f\u0131n, neden b\u00f6yle oldu\u011funu, \u00f6yle davrand\u0131\u011f\u0131n\u0131 veya ba\u015f\u0131na neden bunlar\u0131n geldi\u011fini anlamad\u0131\u011f\u0131n konular\u0131 anlaman\u0131, o engelin arkas\u0131ndaki anlam\u0131 bularak a\u015fman\u0131 sa\u011fl\u0131yorum. \u00c7\u00fcnk\u00fc anlad\u0131\u011f\u0131nda zorlu\u011fun i\u00e7inden \u00e7\u0131kman\u0131 sa\u011flayan kolayl\u0131\u011f\u0131 bulursun. Ve evrenin dilini, <\/span><span style=\"font-weight: 400;\">i\u015faretlerin anlam\u0131n\u0131 anlamaya ba\u015flad\u0131\u011f\u0131nda b\u00fct\u00fcn enerjin de\u011fi\u015fir. Alman gerekenleri alarak niyetine ilerlemeye ba\u015flars\u0131n. Dondu\u011fun, s\u0131k\u0131\u015ft\u0131\u011f\u0131n yerden kurtulup \u0131s\u0131nmaya, \u00e7\u00f6z\u00fclmeye, canlanmaya ve hareket etmeye ba\u015flars\u0131n. \u0130\u015fte benim \u00e7al\u0131\u015fmalar\u0131mda sa\u011flad\u0131\u011f\u0131m budur. Buzda\u011f\u0131n\u0131n g\u00f6r\u00fcnmeyen k\u0131sm\u0131n\u0131 g\u00f6rmeye ba\u015flars\u0131n\u2026<\/span><\/p><p><span style=\"font-weight: 400;\">\u015eimdi bu video ile benim de buz da\u011f\u0131m\u0131n g\u00f6r\u00fcnen k\u0131sm\u0131m\u0131 g\u00f6rd\u00fcn, g\u00f6r\u00fcnmeyen k\u0131sm\u0131n\u0131 biraz anlamaya ba\u015flamak i\u00e7in seni a\u015fa\u011f\u0131daki metine davet ediyorum.<\/span><\/p><p><span style=\"font-weight: 400;\">Benimle yolu kesi\u015fmi\u015f insanlar\u0131n hakk\u0131mda ortak s\u00f6ylediklerinin benim kim oldu\u011fumla ilgili sana daha derin bir fikir verece\u011fine inan\u0131yorum. Bana \u015fahitlik edenlerin hakk\u0131mda s\u00f6yledikleri Saf, temiz, iyi niyetli, sevgi ve \u015fefkat dolu, hizmet etmeye, katk\u0131 sunmaya kendini adam\u0131\u015f, bir peri k\u0131z\u0131 gibi sanki bu d\u00fcnyadan de\u011filmi\u015f gibi\u2026 Buyum asl\u0131nda, bir vesile\u2026 \u0130lahi olan\u0131, Alan\u2019\u0131 insan diline \u00e7eviren bir \u00e7evirmen\u2026 Bir mesajc\u0131, bir k\u00f6pr\u00fc\u2026<\/span><\/p><p><span style=\"font-weight: 400;\">Ve bunu yapabilmek i\u00e7in insan\u0131n, aile sisteminin, hayat\u0131n ve anlam\u0131n karma\u015f\u0131kl\u0131\u011f\u0131na uygun pek \u00e7ok farkl\u0131 disiplinle kendimi doldurdum.<\/span><\/p><p><span style=\"font-weight: 400;\">Robert Kolej<\/span><\/p><p><span style=\"font-weight: 400;\">Bo\u011fazi\u00e7i \u00dcniversitesi Felsefe lisans ve y\u00fcksek lisans<\/span><\/p><p><span style=\"font-weight: 400;\">Y\u00fcksek lisans tezimde A\u015fk\u2019\u0131n insan bedeninin ve dilinin \u00f6tesinde oldu\u011funu ve insan\u0131 nas\u0131l y\u00f6nlendirdi\u011fini inceledim.<\/span><\/p><p><span style=\"font-weight: 400;\">\u00dcniversitede b\u00f6l\u00fcmden tan\u0131\u015ft\u0131\u011f\u0131m ve k\u0131sa zamanda de\u011ferli bir dostum haline gelen Mira \u015eeniz Erten\u2019in vesile olmas\u0131yla \u201cAile Dizimi\u201d alan\u0131yla tan\u0131\u015ft\u0131m. Bir s\u00fcre onun \u00fcstatl\u0131\u011f\u0131nda dizimlerde asistanl\u0131k ve stratejik i\u015f dan\u0131\u015fmanl\u0131\u011f\u0131n\u0131 yapt\u0131m.\u00a0<\/span><\/p><p><span style=\"font-weight: 400;\">Sonras\u0131nda Ki\u015fisel ve Profesyonel Performans alan\u0131nda 50 senedir d\u00fcnya lideri konumunda The New York Times, The Wall Street Journal, TIME dergisi, The London Observer ve The Sydney Morning Herald gibi medya kurulu\u015flar\u0131nda uluslararas\u0131 d\u00fczeyde tan\u0131nm\u0131\u015f bir organizasyon olan Landmark Worldwide kurumunun y\u0131llar i\u00e7inde \u00e7e\u015fitli kurslar\u0131n\u0131 alarak ve T\u00fcrkiye m\u00fcd\u00fcrl\u00fc\u011f\u00fcn\u00fc yaparak kendimi insanlara alan tutmak, performansa ge\u00e7irmek, ko\u00e7luk vermek, ileti\u015fim, ekipler y\u00f6netmek konular\u0131nda besledim.\u00a0<\/span><\/p><p><span style=\"font-weight: 400;\">Bu s\u00fcre\u00e7te ayn\u0131 zamanda di\u015fi enerji ve rahim bilgeli\u011fi konular\u0131nda sevgili Edanur Taktak ile \u00e7al\u0131\u015farak kad\u0131n \u00e7emberlerinde alan tuttum.\u00a0<\/span><\/p><p><span style=\"font-weight: 400;\">Geleneksel \u00c7in ve Tibet t\u0131bb\u0131n\u0131 kinesyoloji ile birle\u015ftiren \u00e7ok de\u011ferli Ali R\u0131za G\u00f6zl\u00fckl\u00fco\u011flu\u2019ndan Vagus Manip\u00fclasyonu ve Qigong ile Duygusal Detox e\u011fitimlerini ald\u0131m.<\/span><\/p><p><span style=\"font-weight: 400;\">T\u00fcrk Kam\u0131 Akagu Cenk Sertdemir\u2019den \u015eaman \u00d6\u011fretisinde Erk\/G\u00fc\u00e7 Hayvanlar\u0131 e\u011fitimi ald\u0131m. Do\u011fan\u0131n en iyi, en k\u00f6kleyici ve anlamay\u0131 en kolayla\u015ft\u0131ran \u00f6\u011fretmen oldu\u011funa inan\u0131yorum. Bu y\u00fczden \u00e7al\u0131\u015fmalar\u0131mda do\u011fay\u0131 s\u0131kl\u0131kla kullan\u0131yorum.<\/span><\/p><p><span style=\"font-weight: 400;\">Oxford \u00dcniversitesi\u2019nde d\u00fczenlenen Avrupa\u2019n\u0131n en b\u00fcy\u00fck travma konferans\u0131 Master Events\u2019te travma alan\u0131nda Bessel van der Kolk, Licia Sky, Internal Family Systems (IFS) kurucusu Richard Schwartz, yas s\u00fcreci ve ac\u0131dan sonra anlam bulmak konusunda uzman David Kessler, beyin ve zihin insanlarla ili\u015fkimizle nas\u0131l de\u011fi\u015fiyor Interpersonal Neurobiology (IPNB) konusunda uzman psikiyatrist Dan Siegel ve daha pek \u00e7ok d\u00fcnyan\u0131n \u00f6nde gelen ara\u015ft\u0131rmac\u0131lar\u0131, d\u00fc\u015f\u00fcnce liderleri ve \u00f6nc\u00fc isimlerinin konu\u015fmalar\u0131na kat\u0131ld\u0131m.<\/span><\/p><p><span style=\"font-weight: 400;\">Aile Dizimini kuran Bert Hellinger\u2019in \u00f6\u011fretilerine dayanan Hellinger\u00ae Okulundan, \u00f6zellikle onunla birlikte geli\u015ftiren e\u015fi Sophie Hellinger\u2019den <\/span><i><span style=\"font-weight: 400;\">A\u015fk Nas\u0131l Ba\u015far\u0131r,<\/span><\/i> <i><span style=\"font-weight: 400;\">Para ve Bolluk, Kad\u0131nlar, Anne, defalarca, tekrar ve tekrar Anne <\/span><\/i><span style=\"font-weight: 400;\">seminerlerini ald\u0131m. Hala daha Aile Dizimi uygulay\u0131c\u0131l\u0131k e\u011fitimime devam etmekteyim.<\/span><\/p><p><span style=\"font-weight: 400;\">Bat\u0131\u2019n\u0131n terap\u00f6tik yakla\u015f\u0131mlar\u0131n\u0131 Do\u011fu\u2019nun meditasyon teknikleriyle b\u00fct\u00fcnle\u015ftiren, alan\u0131nda d\u00fcnya \u00e7ap\u0131nda \u00f6nc\u00fc bir psikoterapist ve spirit\u00fcel \u00f6\u011fretmen olan, Hindistan\u2019\u0131n Pune kentinde bulunan ve d\u00fcnyan\u0131n en b\u00fcy\u00fck ki\u015fisel geli\u015fim merkezlerinden biri olan Osho Uluslararas\u0131 Meditasyon Merkezi\u2019nde Terapist E\u011fitim Program\u0131\u2019n\u0131 koordine etmi\u015f Svagito R. Leibermeister\u2019dan Aile Dizimi Yo\u011fun E\u011fitimini ald\u0131m ve hala e\u011fitimime devam etmekteyim.<\/span><\/p><p><span style=\"font-weight: 400;\">\u00c7al\u0131\u015fmalar\u0131m\u0131 hala akademik ve bilimsel ara\u015ft\u0131rmalarla temellendirmek ve g\u00fcncel tutmak ad\u0131na Barselona \u00dcniversitesi\u2019nde be\u015f farkl\u0131 \u00fcniversitenin birle\u015fimi ve \u00fc\u00e7 farkl\u0131 uzmanl\u0131k alan\u0131 olan, insan\u0131 beyin bilim, psikoloji, dilbilim ve felsefe ile disiplinleraras\u0131 bir \u015fekilde anlamay\u0131 konu alan Bili\u015fsel Bilimler ve Dil Y\u00fcksek Lisans\u0131ma devam ediyorum.\u00a0<\/span><\/p><p><span style=\"font-weight: 400;\">T\u00fcrkiye ve d\u00fcnyan\u0131n farkl\u0131 yerlerinden dan\u0131\u015fanlarla bireysel ve grup \u00e7al\u0131\u015fmalar\u0131m\u0131 s\u00fcrd\u00fcr\u00fcyorum.\u00a0<\/span><\/p>\t\t\t\t\t\t\t\t<\/div>\n\t\t\t\t<\/div>\n\t\t\t\t\t<\/div>\n\t\t\t\t<\/div>\n\t\t\t\t<\/div>\n\t\t","protected":false},"excerpt":{"rendered":"<p>Merhaba, Ho\u015fgeldin! \u0130nsan insana bir tan\u0131\u015fma olsun istedi\u011fim i\u00e7in yaz\u0131l\u0131 bir metin yerine seni bir video ile kar\u015f\u0131lamak istedim. Kim [&hellip;]<\/p>\n","protected":false},"author":2,"featured_media":0,"parent":0,"menu_order":0,"comment_status":"closed","ping_status":"closed","template":"","meta":{"site-sidebar-layout":"no-sidebar","site-content-layout":"","ast-site-content-layout":"full-width-container","site-content-style":"default","site-sidebar-style":"default","ast-global-header-display":"","ast-banner-title-visibility":"","ast-main-header-display":"","ast-hfb-above-header-display":"","ast-hfb-below-header-display":"","ast-hfb-mobile-header-display":"","site-post-title":"","ast-breadcrumbs-content":"","ast-featured-img":"disabled","footer-sml-layout":"","ast-disable-related-posts":"","theme-transparent-header-meta":"","adv-header-id-meta":"","stick-header-meta":"","header-above-stick-meta":"","header-main-stick-meta":"","header-below-stick-meta":"","astra-migrate-meta-layouts":"default","ast-page-background-enabled":"default","ast-page-background-meta":{"desktop":{"background-color":"var(--ast-global-color-5)","background-image":"","background-repeat":"repeat","background-position":"center center","background-size":"auto","background-attachment":"scroll","background-type":"","background-media":"","overlay-type":"","overlay-color":"","overlay-opacity":"","overlay-gradient":""},"tablet":{"background-color":"","background-image":"","background-repeat":"repeat","background-position":"center center","background-size":"auto","background-attachment":"scroll","background-type":"","background-media":"","overlay-type":"","overlay-color":"","overlay-opacity":"","overlay-gradient":""},"mobile":{"background-color":"","background-image":"","background-repeat":"repeat","background-position":"center center","background-size":"auto","background-attachment":"scroll","background-type":"","background-media":"","overlay-type":"","overlay-color":"","overlay-opacity":"","overlay-gradient":""}},"ast-content-background-meta":{"desktop":{"background-color":"var(--ast-global-color-4)","background-image":"","background-repeat":"repeat","background-position":"center center","background-size":"auto","background-attachment":"scroll","background-type":"","background-media":"","overlay-type":"","overlay-color":"","overlay-opacity":"","overlay-gradient":""},"tablet":{"background-color":"var(--ast-global-color-4)","background-image":"","background-repeat":"repeat","background-position":"center center","background-size":"auto","background-attachment":"scroll","background-type":"","background-media":"","overlay-type":"","overlay-color":"","overlay-opacity":"","overlay-gradient":""},"mobile":{"background-color":"var(--ast-global-color-4)","background-image":"","background-repeat":"repeat","background-position":"center center","background-size":"auto","background-attachment":"scroll","background-type":"","background-media":"","overlay-type":"","overlay-color":"","overlay-opacity":"","overlay-gradient":""}},"footnotes":""},"folder":[57],"class_list":["post-8138","page","type-page","status-publish","hentry"],"_links":{"self":[{"href":"https:\/\/lovewithbuse.com\/index.php?rest_route=\/wp\/v2\/pages\/8138","targetHints":{"allow":["GET"]}}],"collection":[{"href":"https:\/\/lovewithbuse.com\/index.php?rest_route=\/wp\/v2\/pages"}],"about":[{"href":"https:\/\/lovewithbuse.com\/index.php?rest_route=\/wp\/v2\/types\/page"}],"author":[{"embeddable":true,"href":"https:\/\/lovewithbuse.com\/index.php?rest_route=\/wp\/v2\/users\/2"}],"replies":[{"embeddable":true,"href":"https:\/\/lovewithbuse.com\/index.php?rest_route=%2Fwp%2Fv2%2Fcomments&post=8138"}],"version-history":[{"count":7,"href":"https:\/\/lovewithbuse.com\/index.php?rest_route=\/wp\/v2\/pages\/8138\/revisions"}],"predecessor-version":[{"id":8177,"href":"https:\/\/lovewithbuse.com\/index.php?rest_route=\/wp\/v2\/pages\/8138\/revisions\/8177"}],"wp:attachment":[{"href":"https:\/\/lovewithbuse.com\/index.php?rest_route=%2Fwp%2Fv2%2Fmedia&parent=8138"}],"wp:term":[{"taxonomy":"folder","embeddable":true,"href":"https:\/\/lovewithbuse.com\/index.php?rest_route=%2Fwp%2Fv2%2Ffolder&post=8138"}],"curies":[{"name":"wp","href":"https:\/\/api.w.org\/{rel}","templated":true}]}}